{"id":13,"date":"2023-04-17T02:23:06","date_gmt":"2023-04-17T02:23:06","guid":{"rendered":"https:\/\/transmendesturismo.com.br\/locacao-de-onibus-em-brasilia\/?page_id=13"},"modified":"2023-04-18T14:36:51","modified_gmt":"2023-04-18T14:36:51","slug":"fretamento-de-onibus-de-turismo","status":"publish","type":"page","link":"https:\/\/transmendesturismo.com.br\/onibus-turismo-brasilia\/fretamento-de-onibus-de-turismo\/","title":{"rendered":"Fretamento de \u00f4nibus de turismo"},"content":{"rendered":"<div id=\"pl-13\"  class=\"panel-layout\" ><div id=\"pg-13-0\"  class=\"panel-grid panel-no-style\" ><div id=\"pgc-13-0-0\"  class=\"panel-grid-cell\" ><div id=\"panel-13-0-0-0\" class=\"so-panel widget widget_sow-editor panel-first-child panel-last-child\" data-index=\"0\" ><div\n\t\t\t\n\t\t\tclass=\"so-widget-sow-editor so-widget-sow-editor-base\"\n\t\t\t\n\t\t><h3 class=\"widget-title\">Fretamento de \u00f4nibus de turismo<\/h3>\n<div class=\"siteorigin-widget-tinymce textwidget\">\n\t<p style=\"text-align: justify;\"><span style=\"color: #000000;\">A <strong>Transmendes<\/strong> \u00e9 uma empresa especializada em fretamento de \u00f4nibus de turismo para todo o Brasil.<\/span><\/p>\n<p style=\"text-align: justify;\"><span style=\"color: #000000;\">Tradicional empresa do segmento em Bras\u00edlia, a <strong>Transmendes<\/strong> oferece condi\u00e7\u00f5es especiais para <strong>fretamento de \u00f4nibus de turismo<\/strong>, <strong>fretamento de \u00f4nibus para empresas<\/strong>, <strong>fretamento de \u00f4nibus eventual e cont\u00ednuo<\/strong>. Nossos ve\u00edculos s\u00e3o conduzidos por motoristas altamente treinados e capacitados para a fun\u00e7\u00e3o o que garante seguran\u00e7a, conforto, confiabilidade e estrutura de primeira classe em servi\u00e7os de<strong> fretamento de \u00f4nibus de turismo<\/strong>.<\/span><\/p>\n<p style=\"text-align: justify;\"><span style=\"color: #000000;\">Com larga experi\u00eancia no setor de <strong>fretamento de \u00f4nibus de turismo, <\/strong>a <strong>Transmendes<\/strong> oferece toda a infraestrutura para o suporte das atividades de ag\u00eancias de viagens ou de grupos de pessoas interessadas em alugar ve\u00edculos com motorista para viagens e excurs\u00f5es em todo o territ\u00f3rio nacional.<\/span><\/p>\n<p style=\"text-align: justify;\"><span style=\"color: #000000;\">Nossa frota \u00e9 vistoriada periodicamente pelos \u00f3rg\u00e3os do governo para garantir suas condi\u00e7\u00f5es de opera\u00e7\u00e3o, seguran\u00e7a e conforto.<\/span><\/p>\n<p style=\"text-align: justify;\"><span style=\"color: #000000;\">Nossa empresa faz um trabalho de log\u00edstica com t\u00e9cnicos especializados e carros de apoio para realizar um levantamento eficaz sobre as ruas, mapas e sistemas informatizados.<\/span><\/p>\n<p style=\"text-align: justify;\"><span style=\"color: #000000;\">Entre em contato com a <strong>Transmendes<\/strong> e solicite maiores informa\u00e7\u00f5es sobre nossos servi\u00e7os de fretamento de \u00f4nibus de turismo.<\/span><\/p>\n<\/div>\n<\/div><\/div><\/div><\/div><div id=\"pg-13-1\"  class=\"panel-grid panel-no-style\" ><div id=\"pgc-13-1-0\"  class=\"panel-grid-cell\" ><div id=\"panel-13-1-0-0\" class=\"so-panel widget widget_sow-button panel-first-child panel-last-child\" data-index=\"1\" ><div\n\t\t\t\n\t\t\tclass=\"so-widget-sow-button so-widget-sow-button-flat-eaa51a902caf-13\"\n\t\t\t\n\t\t><div class=\"ow-button-base ow-button-align-center\">\n\t<a href=\"https:\/\/api.whatsapp.com\/send?phone=5561984181435&#038;text=Ol%C3%A1,%20quero%20fazer%20uma%20cota%C3%A7%C3%A3o%20de%20viagem.\" class=\"ow-icon-placement-left ow-button-hover\" target=\"_blank\" rel=\"noopener\">\n\t\t<span>\n\t\t\t\n\t\t\tSolicitar Cota\u00e7\u00e3o\t\t<\/span>\n\t<\/a>\n<\/div>\n<\/div><\/div><\/div><\/div><\/div>","protected":false},"excerpt":{"rendered":"<p>A Transmendes \u00e9 uma empresa especializada em fretamento de \u00f4nibus de turismo para todo o Brasil. Tradicional empresa do segmento em Bras\u00edlia, a Transmendes oferece condi\u00e7\u00f5es especiais para fretamento de \u00f4nibus de turismo, fretamento de \u00f4nibus para empresas, fretamento de \u00f4nibus eventual e cont\u00ednuo. Nossos ve\u00edculos s\u00e3o conduzidos por motoristas altamente treinados e capacitados para [&hellip;]<\/p>\n","protected":false},"author":1,"featured_media":1047,"parent":0,"menu_order":0,"comment_status":"closed","ping_status":"closed","template":"","meta":{"footnotes":""},"class_list":["post-13","page","type-page","status-publish","has-post-thumbnail","hentry"],"_links":{"self":[{"href":"https:\/\/transmendesturismo.com.br\/onibus-turismo-brasilia\/wp-json\/wp\/v2\/pages\/13","targetHints":{"allow":["GET"]}}],"collection":[{"href":"https:\/\/transmendesturismo.com.br\/onibus-turismo-brasilia\/wp-json\/wp\/v2\/pages"}],"about":[{"href":"https:\/\/transmendesturismo.com.br\/onibus-turismo-brasilia\/wp-json\/wp\/v2\/types\/page"}],"author":[{"embeddable":true,"href":"https:\/\/transmendesturismo.com.br\/onibus-turismo-brasilia\/wp-json\/wp\/v2\/users\/1"}],"replies":[{"embeddable":true,"href":"https:\/\/transmendesturismo.com.br\/onibus-turismo-brasilia\/wp-json\/wp\/v2\/comments?post=13"}],"version-history":[{"count":13,"href":"https:\/\/transmendesturismo.com.br\/onibus-turismo-brasilia\/wp-json\/wp\/v2\/pages\/13\/revisions"}],"predecessor-version":[{"id":385,"href":"https:\/\/transmendesturismo.com.br\/onibus-turismo-brasilia\/wp-json\/wp\/v2\/pages\/13\/revisions\/385"}],"wp:featuredmedia":[{"embeddable":true,"href":"https:\/\/transmendesturismo.com.br\/onibus-turismo-brasilia\/wp-json\/wp\/v2\/media\/1047"}],"wp:attachment":[{"href":"https:\/\/transmendesturismo.com.br\/onibus-turismo-brasilia\/wp-json\/wp\/v2\/media?parent=13"}],"curies":[{"name":"wp","href":"https:\/\/api.w.org\/{rel}","templated":true}]}}