{"id":249,"date":"2023-04-17T02:23:06","date_gmt":"2023-04-17T02:23:06","guid":{"rendered":"https:\/\/transmendesturismo.com.br\/locacao-de-onibus-em-brasilia\/fretamento-de-onibus-de-turismo-copy\/"},"modified":"2023-04-17T02:23:06","modified_gmt":"2023-04-17T02:23:06","slug":"fretamento-onibus-para-transporte-de-funcionarios","status":"publish","type":"page","link":"https:\/\/transmendesturismo.com.br\/onibus-turismo-brasilia\/fretamento-onibus-para-transporte-de-funcionarios\/","title":{"rendered":"Fretamento \u00f4nibus para transporte de funcion\u00e1rios"},"content":{"rendered":"<div id=\"pl-249\"  class=\"panel-layout\" ><div id=\"pg-249-0\"  class=\"panel-grid panel-no-style\" ><div id=\"pgc-249-0-0\"  class=\"panel-grid-cell\" ><div id=\"panel-249-0-0-0\" class=\"so-panel widget widget_sow-editor panel-first-child panel-last-child\" data-index=\"0\" ><div\n\t\t\t\n\t\t\tclass=\"so-widget-sow-editor so-widget-sow-editor-base\"\n\t\t\t\n\t\t><h3 class=\"widget-title\">Fretamento \u00f4nibus para transporte de funcion\u00e1rios<\/h3>\n<div class=\"siteorigin-widget-tinymce textwidget\">\n\t<p style=\"text-align: justify;\"><span style=\"color: #000000;\">O\u00a0 <strong>fretamento de \u00f4nibus para transporte de funcion\u00e1rios<\/strong> \u00e9 uma op\u00e7\u00e3o conveniente e segura para empresas que desejam oferecer aos seus colaboradores uma forma de deslocamento eficiente e confort\u00e1vel para o trabalho.<\/span><\/p>\n<p style=\"text-align: justify;\"><span style=\"color: #000000;\">Ao optar pelo <strong>fretamento de \u00f4nibus<\/strong>, a empresa pode personalizar as rotas, hor\u00e1rios e locais de embarque e desembarque, de acordo com as necessidades dos funcion\u00e1rios. Al\u00e9m disso, o uso de transporte coletivo pode reduzir o n\u00famero de ve\u00edculos particulares nas ruas, contribuindo para a redu\u00e7\u00e3o do tr\u00e2nsito e da polui\u00e7\u00e3o.<\/span><\/p>\n<p style=\"text-align: justify;\"><span style=\"color: #000000;\">Algumas vantagens do <strong>fretamento de \u00f4nibus para transporte de funcion\u00e1rios<\/strong> incluem:<\/span><\/p>\n<ul>\n<li style=\"text-align: justify;\"><span style=\"color: #000000;\"><strong>Economia:<\/strong> em muitos casos, o fretamento de \u00f4nibus pode ser mais econ\u00f4mico do que os custos de transporte individual dos funcion\u00e1rios.<\/span><\/li>\n<li style=\"text-align: justify;\"><span style=\"color: #000000;\"><strong>Conforto:<\/strong> os \u00f4nibus podem ser equipados com ar-condicionado, poltronas reclin\u00e1veis, banheiro, sistema de som e TV\/DVD para maior conforto dos passageiros.<\/span><\/li>\n<li style=\"text-align: justify;\"><span style=\"color: #000000;\"><strong>Seguran\u00e7a:<\/strong> as empresas de fretamento de \u00f4nibus devem seguir as normas de seguran\u00e7a e manuten\u00e7\u00e3o dos ve\u00edculos, al\u00e9m de contratar motoristas habilitados e experientes para garantir a seguran\u00e7a dos passageiros.<\/span><\/li>\n<li style=\"text-align: justify;\"><span style=\"color: #000000;\"><strong>Flexibilidade:<\/strong> as rotas e hor\u00e1rios de transporte podem ser personalizados de acordo com as necessidades dos funcion\u00e1rios.<\/span><\/li>\n<\/ul>\n<p style=\"text-align: justify;\"><span style=\"color: #000000;\">\u00c9 importante que as empresas de transporte contratadas sigam todas as normas e regulamenta\u00e7\u00f5es estabelecidas pelas autoridades competentes para garantir a seguran\u00e7a dos passageiros.<\/span><\/p>\n<\/div>\n<\/div><\/div><\/div><\/div><div id=\"pg-249-1\"  class=\"panel-grid panel-no-style\" ><div id=\"pgc-249-1-0\"  class=\"panel-grid-cell\" ><div id=\"panel-249-1-0-0\" class=\"so-panel widget widget_sow-button panel-first-child panel-last-child\" data-index=\"1\" ><div\n\t\t\t\n\t\t\tclass=\"so-widget-sow-button so-widget-sow-button-flat-eaa51a902caf-249\"\n\t\t\t\n\t\t><div class=\"ow-button-base ow-button-align-center\">\n\t<a href=\"https:\/\/api.whatsapp.com\/send?phone=5561984181435&#038;text=Ol%C3%A1,%20quero%20fazer%20uma%20cota%C3%A7%C3%A3o%20de%20viagem.\" class=\"ow-icon-placement-left ow-button-hover\" target=\"_blank\" rel=\"noopener\">\n\t\t<span>\n\t\t\t\n\t\t\tSolicitar Cota\u00e7\u00e3o\t\t<\/span>\n\t<\/a>\n<\/div>\n<\/div><\/div><\/div><\/div><\/div>","protected":false},"excerpt":{"rendered":"<p>O\u00a0 fretamento de \u00f4nibus para transporte de funcion\u00e1rios \u00e9 uma op\u00e7\u00e3o conveniente e segura para empresas que desejam oferecer aos seus colaboradores uma forma de deslocamento eficiente e confort\u00e1vel para o trabalho. Ao optar pelo fretamento de \u00f4nibus, a empresa pode personalizar as rotas, hor\u00e1rios e locais de embarque e desembarque, de acordo com as [&hellip;]<\/p>\n","protected":false},"author":1,"featured_media":0,"parent":0,"menu_order":0,"comment_status":"closed","ping_status":"closed","template":"","meta":{"footnotes":""},"class_list":["post-249","page","type-page","status-publish","hentry"],"_links":{"self":[{"href":"https:\/\/transmendesturismo.com.br\/onibus-turismo-brasilia\/wp-json\/wp\/v2\/pages\/249","targetHints":{"allow":["GET"]}}],"collection":[{"href":"https:\/\/transmendesturismo.com.br\/onibus-turismo-brasilia\/wp-json\/wp\/v2\/pages"}],"about":[{"href":"https:\/\/transmendesturismo.com.br\/onibus-turismo-brasilia\/wp-json\/wp\/v2\/types\/page"}],"author":[{"embeddable":true,"href":"https:\/\/transmendesturismo.com.br\/onibus-turismo-brasilia\/wp-json\/wp\/v2\/users\/1"}],"replies":[{"embeddable":true,"href":"https:\/\/transmendesturismo.com.br\/onibus-turismo-brasilia\/wp-json\/wp\/v2\/comments?post=249"}],"version-history":[{"count":4,"href":"https:\/\/transmendesturismo.com.br\/onibus-turismo-brasilia\/wp-json\/wp\/v2\/pages\/249\/revisions"}],"predecessor-version":[{"id":253,"href":"https:\/\/transmendesturismo.com.br\/onibus-turismo-brasilia\/wp-json\/wp\/v2\/pages\/249\/revisions\/253"}],"wp:attachment":[{"href":"https:\/\/transmendesturismo.com.br\/onibus-turismo-brasilia\/wp-json\/wp\/v2\/media?parent=249"}],"curies":[{"name":"wp","href":"https:\/\/api.w.org\/{rel}","templated":true}]}}