{"id":259,"date":"2023-04-17T02:23:06","date_gmt":"2023-04-17T02:23:06","guid":{"rendered":"https:\/\/transmendesturismo.com.br\/locacao-de-onibus-em-brasilia\/?page_id=259"},"modified":"2023-04-17T02:23:06","modified_gmt":"2023-04-17T02:23:06","slug":"locacao-de-onibus-para-eventos","status":"publish","type":"page","link":"https:\/\/transmendesturismo.com.br\/onibus-turismo-brasilia\/locacao-de-onibus-para-eventos\/","title":{"rendered":"Loca\u00e7\u00e3o de \u00f4nibus para eventos"},"content":{"rendered":"<div id=\"pl-259\"  class=\"panel-layout\" ><div id=\"pg-259-0\"  class=\"panel-grid panel-no-style\" ><div id=\"pgc-259-0-0\"  class=\"panel-grid-cell\" ><div id=\"panel-259-0-0-0\" class=\"so-panel widget widget_sow-editor panel-first-child panel-last-child\" data-index=\"0\" ><div\n\t\t\t\n\t\t\tclass=\"so-widget-sow-editor so-widget-sow-editor-base\"\n\t\t\t\n\t\t>\n<div class=\"siteorigin-widget-tinymce textwidget\">\n\t<p style=\"text-align: justify;\"><span style=\"color: #000000;\">A <strong>loca\u00e7\u00e3o de \u00f4nibus para eventos<\/strong> \u00e9 uma op\u00e7\u00e3o muito comum para transportar grupos grandes de pessoas de um local para outro, como festivais, shows, conven\u00e7\u00f5es, entre outros tipos de eventos.<\/span><\/p>\n<p style=\"text-align: justify;\"><span style=\"color: #000000;\">Ao optar pela <strong>loca\u00e7\u00e3o de \u00f4nibus para eventos<\/strong>, \u00e9 poss\u00edvel personalizar as rotas, hor\u00e1rios e locais de embarque e desembarque, de acordo com as necessidades dos participantes. Al\u00e9m disso, o uso de transporte coletivo pode reduzir o n\u00famero de ve\u00edculos particulares nas ruas, contribuindo para a redu\u00e7\u00e3o do tr\u00e2nsito e da polui\u00e7\u00e3o.<\/span><\/p>\n<p style=\"text-align: justify;\"><span style=\"color: #000000;\">Algumas vantagens da <strong>loca\u00e7\u00e3o de \u00f4nibus para eventos<\/strong> incluem:<\/span><\/p>\n<ul>\n<li style=\"text-align: justify;\"><span style=\"color: #000000;\"><strong>Economia:<\/strong> em muitos casos, a loca\u00e7\u00e3o de \u00f4nibus pode ser mais econ\u00f4mica do que os custos de transporte individual dos participantes.<\/span><\/li>\n<li style=\"text-align: justify;\"><span style=\"color: #000000;\"><strong>Conforto:<\/strong> os \u00f4nibus podem ser equipados com ar-condicionado, poltronas reclin\u00e1veis, banheiro, sistema de som e TV\/DVD para maior conforto dos passageiros.<\/span><\/li>\n<li style=\"text-align: justify;\"><span style=\"color: #000000;\"><strong>Seguran\u00e7a:<\/strong> as empresas de loca\u00e7\u00e3o de \u00f4nibus devem seguir as normas de seguran\u00e7a e manuten\u00e7\u00e3o dos ve\u00edculos, al\u00e9m de contratar motoristas habilitados e experientes para garantir a seguran\u00e7a dos passageiros.<\/span><\/li>\n<li style=\"text-align: justify;\"><span style=\"color: #000000;\"><strong>Flexibilidade:<\/strong> as rotas e hor\u00e1rios de transporte podem ser personalizados de acordo com as necessidades dos participantes.<\/span><\/li>\n<\/ul>\n<p style=\"text-align: justify;\"><span style=\"color: #000000;\">Ao contratar uma empresa de loca\u00e7\u00e3o de \u00f4nibus para eventos, \u00e9 importante verificar se a empresa possui todas as licen\u00e7as e autoriza\u00e7\u00f5es necess\u00e1rias para operar e se os ve\u00edculos est\u00e3o devidamente segurados.<\/span><\/p>\n<\/div>\n<\/div><\/div><\/div><\/div><div id=\"pg-259-1\"  class=\"panel-grid panel-no-style\" ><div id=\"pgc-259-1-0\"  class=\"panel-grid-cell\" ><div id=\"panel-259-1-0-0\" class=\"so-panel widget widget_sow-button panel-first-child panel-last-child\" data-index=\"1\" ><div\n\t\t\t\n\t\t\tclass=\"so-widget-sow-button so-widget-sow-button-flat-c8576aeafb2d-259\"\n\t\t\t\n\t\t><div class=\"ow-button-base ow-button-align-center\">\n\t<a href=\"https:\/\/api.whatsapp.com\/send?phone=5561984181435&#038;text=Ol%C3%A1,%20quero%20fazer%20uma%20cota%C3%A7%C3%A3o%20de%20viagem.\" class=\"ow-icon-placement-left ow-button-hover\" target=\"_blank\" rel=\"noopener\">\n\t\t<span>\n\t\t\t\n\t\t\tSolicitar Cota\u00e7\u00e3o\t\t<\/span>\n\t<\/a>\n<\/div>\n<\/div><\/div><\/div><\/div><\/div>","protected":false},"excerpt":{"rendered":"<p>A loca\u00e7\u00e3o de \u00f4nibus para eventos \u00e9 uma op\u00e7\u00e3o muito comum para transportar grupos grandes de pessoas de um local para outro, como festivais, shows, conven\u00e7\u00f5es, entre outros tipos de eventos. Ao optar pela loca\u00e7\u00e3o de \u00f4nibus para eventos, \u00e9 poss\u00edvel personalizar as rotas, hor\u00e1rios e locais de embarque e desembarque, de acordo com as [&hellip;]<\/p>\n","protected":false},"author":1,"featured_media":0,"parent":0,"menu_order":0,"comment_status":"closed","ping_status":"closed","template":"","meta":{"footnotes":""},"class_list":["post-259","page","type-page","status-publish","hentry"],"_links":{"self":[{"href":"https:\/\/transmendesturismo.com.br\/onibus-turismo-brasilia\/wp-json\/wp\/v2\/pages\/259","targetHints":{"allow":["GET"]}}],"collection":[{"href":"https:\/\/transmendesturismo.com.br\/onibus-turismo-brasilia\/wp-json\/wp\/v2\/pages"}],"about":[{"href":"https:\/\/transmendesturismo.com.br\/onibus-turismo-brasilia\/wp-json\/wp\/v2\/types\/page"}],"author":[{"embeddable":true,"href":"https:\/\/transmendesturismo.com.br\/onibus-turismo-brasilia\/wp-json\/wp\/v2\/users\/1"}],"replies":[{"embeddable":true,"href":"https:\/\/transmendesturismo.com.br\/onibus-turismo-brasilia\/wp-json\/wp\/v2\/comments?post=259"}],"version-history":[{"count":2,"href":"https:\/\/transmendesturismo.com.br\/onibus-turismo-brasilia\/wp-json\/wp\/v2\/pages\/259\/revisions"}],"predecessor-version":[{"id":261,"href":"https:\/\/transmendesturismo.com.br\/onibus-turismo-brasilia\/wp-json\/wp\/v2\/pages\/259\/revisions\/261"}],"wp:attachment":[{"href":"https:\/\/transmendesturismo.com.br\/onibus-turismo-brasilia\/wp-json\/wp\/v2\/media?parent=259"}],"curies":[{"name":"wp","href":"https:\/\/api.w.org\/{rel}","templated":true}]}}