{"id":617,"date":"2023-04-17T02:23:06","date_gmt":"2023-04-17T02:23:06","guid":{"rendered":"https:\/\/transmendesturismo.com.br\/?page_id=617"},"modified":"2023-04-17T02:23:06","modified_gmt":"2023-04-17T02:23:06","slug":"locacao-de-onibus-de-turismo-em-taguatinga-em-brasilia-df","status":"publish","type":"page","link":"https:\/\/transmendesturismo.com.br\/onibus-turismo-brasilia\/locacao-de-onibus-de-turismo-em-taguatinga-em-brasilia-df\/","title":{"rendered":"Loca\u00e7\u00e3o de \u00f4nibus de Turismo em Taguatinga em Bras\u00edlia DF"},"content":{"rendered":"<h1 style=\"text-align: justify;\"><span style=\"color: #000000;\">Loca\u00e7\u00e3o de \u00f4nibus de Turismo em Taguatinga em Bras\u00edlia DF<\/span><\/h1>\n<p style=\"text-align: justify;\"><span style=\"color: #000000;\">A\u00a0<strong>Transmendes<\/strong> \u00e9 uma empresa especializada em <strong>Loca\u00e7\u00e3o de \u00f4nibus de Turismo em Taguatinga em Bras\u00edlia DF<\/strong>. Tradicional empresa do segmento em Taguatinga em Bras\u00edlia DF, a <strong>Transmendes<\/strong>\u00a0oferece condi\u00e7\u00f5es especiais para\u00a0<\/span><a href=\"https:\/\/transmendesturismo.com.br\/onibus-turismo-brasilia\/fretamento-de-onibus-em-brasilia\/\"><span style=\"color: #000000;\"><strong>Loca\u00e7\u00e3o de \u00f4nibus de Turismo em Taguatinga em Bras\u00edlia DF<\/strong><\/span><\/a><span style=\"color: #000000;\">, <strong>Loca\u00e7\u00e3o de \u00f4nibus de Turismo em Taguatinga em Bras\u00edlia DF<\/strong><strong>\u00a0para empresas<\/strong>, <strong>Loca\u00e7\u00e3o de \u00f4nibus de Turismo em Taguatinga em Bras\u00edlia DF<\/strong><strong>\u00a0eventual e cont\u00ednuo<\/strong>. <\/span><\/p>\n<p style=\"text-align: justify;\"><span style=\"color: #000000;\">Nossos ve\u00edculos s\u00e3o conduzidos por motoristas altamente treinados e capacitados para a fun\u00e7\u00e3o o que garante seguran\u00e7a, conforto, confiabilidade e estrutura de primeira classe em servi\u00e7os de<strong> Loca\u00e7\u00e3o de \u00f4nibus de Turismo em Taguatinga em Bras\u00edlia DF<\/strong>. <\/span><\/p>\n<p style=\"text-align: justify;\"><span style=\"color: #000000;\">Com larga experi\u00eancia no setor de <strong>Loca\u00e7\u00e3o de \u00f4nibus de Turismo em Taguatinga em Bras\u00edlia DF<\/strong><strong>,\u00a0<\/strong>a\u00a0<strong>Transmendes<\/strong>\u00a0oferece toda a infraestrutura para o suporte das atividades de ag\u00eancias de viagens ou de grupos de pessoas interessadas em alugar ve\u00edculos com motorista para viagens e excurs\u00f5es em todo o territ\u00f3rio nacional. <\/span><\/p>\n<p style=\"text-align: justify;\"><span style=\"color: #000000;\">Nossa frota \u00e9 vistoriada periodicamente pelos \u00f3rg\u00e3os do governo para garantir suas condi\u00e7\u00f5es de opera\u00e7\u00e3o, seguran\u00e7a e conforto. Nossa empresa faz um trabalho de log\u00edstica com t\u00e9cnicos especializados e carros de apoio para realizar um levantamento eficaz sobre as ruas, mapas e sistemas informatizados. Entre em contato com a\u00a0<strong>Transmendes<\/strong>\u00a0e solicite maiores informa\u00e7\u00f5es sobre nossos servi\u00e7os de <strong>fretamento de \u00f4nibus de turismo.<\/strong><\/span><\/p>\n<h2 style=\"text-align: justify;\"><span style=\"color: #000000;\">Como contratar uma empresa de Loca\u00e7\u00e3o de \u00f4nibus de Turismo em Taguatinga em Bras\u00edlia DF<\/span><\/h2>\n<p style=\"text-align: justify;\"><span style=\"color: #000000;\">Para contratar uma empresa de Loca\u00e7\u00e3o de \u00f4nibus de Turismo em Taguatinga em Bras\u00edlia DF, \u00e9 necess\u00e1rio seguir alguns passos importantes:<\/span><\/p>\n<ol>\n<li style=\"text-align: justify;\"><span style=\"color: #000000;\">Defina suas necessidades: Antes de contratar uma empresa de <\/span><a href=\"https:\/\/transmendesturismo.com.br\/onibus-turismo-brasilia\/fretamento-onibus-para-transporte-de-funcionarios\/\"><span style=\"color: #000000;\"><strong>Loca\u00e7\u00e3o de \u00f4nibus de Turismo em Taguatinga em Bras\u00edlia DF<\/strong><\/span><\/a><span style=\"color: #000000;\">, \u00e9 importante definir suas necessidades em rela\u00e7\u00e3o ao tipo de servi\u00e7o que deseja contratar. Por exemplo, qual \u00e9 o destino, o n\u00famero de passageiros, a data e hor\u00e1rio da viagem, entre outros.<\/span><\/li>\n<li style=\"text-align: justify;\"><span style=\"color: #000000;\">Pesquise as op\u00e7\u00f5es: Fa\u00e7a uma pesquisa na internet ou consulte indica\u00e7\u00f5es de amigos e conhecidos para encontrar empresas de fretamento de \u00f4nibus que atendam suas necessidades. Verifique a reputa\u00e7\u00e3o da empresa, avalia\u00e7\u00f5es de clientes anteriores e sua experi\u00eancia no mercado.<\/span><\/li>\n<li style=\"text-align: justify;\"><span style=\"color: #000000;\">Solicite or\u00e7amentos: Entre em contato com as empresa\u00a0 e solicite or\u00e7amento, informando as suas necessidades. Verifique se o or\u00e7amento inclui todos os custos, como combust\u00edvel, ped\u00e1gios e motorista.<\/span><\/li>\n<li style=\"text-align: justify;\"><span style=\"color: #000000;\">Analise os or\u00e7amentos: Analise os or\u00e7amentos recebido, comparando o pre\u00e7o e os servi\u00e7os oferecidos pela empresa. Verifique se as condi\u00e7\u00f5es de pagamento s\u00e3o flex\u00edveis e se a empresa oferece garantias e seguran\u00e7a.<\/span><\/li>\n<li style=\"text-align: justify;\"><span style=\"color: #000000;\">Contrate a empresa: Ap\u00f3s escolher a empresa de fretamento de \u00f4nibus que melhor atenda \u00e0s suas necessidades, \u00e9 importante formalizar o contrato, especificando os servi\u00e7os a serem prestados, o valor acordado, a data, hor\u00e1rio e local de partida e chegada, bem como as condi\u00e7\u00f5es de pagamento.<\/span><\/li>\n<li style=\"text-align: justify;\"><span style=\"color: #000000;\">Acompanhe o servi\u00e7o: Durante a presta\u00e7\u00e3o do servi\u00e7o, \u00e9 importante acompanhar o cumprimento do contrato, garantindo que a empresa est\u00e1 prestando o servi\u00e7o de acordo com o combinado e que os passageiros est\u00e3o sendo transportados com seguran\u00e7a e conforto.<\/span><\/li>\n<\/ol>\n<h3 style=\"text-align: justify;\"><span style=\"color: #000000;\">Existem v\u00e1rias vantagens em contratar uma empresa de Loca\u00e7\u00e3o de \u00f4nibus de Turismo em Taguatinga em Bras\u00edlia DF como:<\/span><\/h3>\n<ol>\n<li style=\"text-align: justify;\"><span style=\"color: #000000;\"><strong>Economia de tempo e dinheiro:<\/strong> ao contratar uma empresa de fretamento de \u00f4nibus, \u00e9 poss\u00edvel economizar tempo e dinheiro, pois n\u00e3o ser\u00e1 necess\u00e1rio gastar tempo procurando estacionamento, pagar por combust\u00edvel ou contratar v\u00e1rios carros para transportar um grande grupo de pessoas.<\/span><\/li>\n<li style=\"text-align: justify;\"><span style=\"color: #000000;\"><strong>Conforto e seguran\u00e7a:<\/strong> as empresas de fretamento de \u00f4nibus costumam oferecer ve\u00edculos em boas condi\u00e7\u00f5es, com assentos confort\u00e1veis, ar condicionado, banheiro, cintos de seguran\u00e7a, entre outros equipamentos de seguran\u00e7a.<\/span><\/li>\n<li style=\"text-align: justify;\"><span style=\"color: #000000;\"><strong>Flexibilidade:<\/strong> ao contratar uma empresa de fretamento de \u00f4nibus, \u00e9 poss\u00edvel escolher o hor\u00e1rio e o local de embarque e desembarque, de acordo com as necessidades do grupo.<\/span><\/li>\n<li style=\"text-align: justify;\"><span style=\"color: #000000;\"><strong>Responsabilidade:<\/strong> as empresas de fretamento de \u00f4nibus s\u00e3o respons\u00e1veis pela manuten\u00e7\u00e3o dos ve\u00edculos, pela contrata\u00e7\u00e3o de motoristas capacitados e pela seguran\u00e7a dos passageiros.<\/span><\/li>\n<li style=\"text-align: justify;\"><span style=\"color: #000000;\"><strong>Sustentabilidade:<\/strong> ao utilizar um \u00f4nibus de fretamento em Taguatinga em Bras\u00edlia DF para a <\/span><a href=\"https:\/\/www.google.com.br\/\" target=\"_blank\" rel=\"noopener\"><span style=\"color: #000000;\">preserva\u00e7\u00e3o do ambiente<\/span><\/a><span style=\"color: #000000;\"> a.<\/span><\/li>\n<\/ol>\n<p style=\"text-align: justify;\"><span style=\"color: #000000;\">\u00a0<img loading=\"lazy\" decoding=\"async\" width=\"1600\" height=\"720\" class=\"size-full wp-image-80\" style=\"height: 720px; width: 1600px;\" src=\"https:\/\/transmendesturismo.com.br\/onibus-turismo-brasilia\/wp-content\/uploads\/2023\/03\/WhatsApp-Image-2023-03-19-at-17.34.37-1.jpeg\" alt=\"Loca\u00e7\u00e3o de \u00f4nibus de Turismo em Taguatinga em Bras\u00edlia DF\" srcset=\"https:\/\/transmendesturismo.com.br\/onibus-turismo-brasilia\/wp-content\/uploads\/2023\/03\/WhatsApp-Image-2023-03-19-at-17.34.37-1.jpeg 1600w, https:\/\/transmendesturismo.com.br\/onibus-turismo-brasilia\/wp-content\/uploads\/2023\/03\/WhatsApp-Image-2023-03-19-at-17.34.37-1-300x135.jpeg 300w, https:\/\/transmendesturismo.com.br\/onibus-turismo-brasilia\/wp-content\/uploads\/2023\/03\/WhatsApp-Image-2023-03-19-at-17.34.37-1-1024x461.jpeg 1024w, https:\/\/transmendesturismo.com.br\/onibus-turismo-brasilia\/wp-content\/uploads\/2023\/03\/WhatsApp-Image-2023-03-19-at-17.34.37-1-768x346.jpeg 768w, https:\/\/transmendesturismo.com.br\/onibus-turismo-brasilia\/wp-content\/uploads\/2023\/03\/WhatsApp-Image-2023-03-19-at-17.34.37-1-1536x691.jpeg 1536w\" sizes=\"auto, (max-width: 1600px) 100vw, 1600px\" \/> Loca\u00e7\u00e3o de \u00f4nibus de Turismo em Taguatinga em Bras\u00edlia DF\u00a0<\/span><\/p>\n","protected":false},"excerpt":{"rendered":"<p>Loca\u00e7\u00e3o de \u00f4nibus de Turismo em Taguatinga em Bras\u00edlia DF A\u00a0Transmendes \u00e9 uma empresa especializada em Loca\u00e7\u00e3o de \u00f4nibus de Turismo em Taguatinga em Bras\u00edlia DF. Tradicional empresa do segmento em Taguatinga em Bras\u00edlia DF, a Transmendes\u00a0oferece condi\u00e7\u00f5es especiais para\u00a0Loca\u00e7\u00e3o de \u00f4nibus de Turismo em Taguatinga em Bras\u00edlia DF, Loca\u00e7\u00e3o de \u00f4nibus de Turismo em [&hellip;]<\/p>\n","protected":false},"author":1,"featured_media":0,"parent":0,"menu_order":0,"comment_status":"closed","ping_status":"closed","template":"","meta":{"footnotes":""},"class_list":["post-617","page","type-page","status-publish","hentry"],"_links":{"self":[{"href":"https:\/\/transmendesturismo.com.br\/onibus-turismo-brasilia\/wp-json\/wp\/v2\/pages\/617","targetHints":{"allow":["GET"]}}],"collection":[{"href":"https:\/\/transmendesturismo.com.br\/onibus-turismo-brasilia\/wp-json\/wp\/v2\/pages"}],"about":[{"href":"https:\/\/transmendesturismo.com.br\/onibus-turismo-brasilia\/wp-json\/wp\/v2\/types\/page"}],"author":[{"embeddable":true,"href":"https:\/\/transmendesturismo.com.br\/onibus-turismo-brasilia\/wp-json\/wp\/v2\/users\/1"}],"replies":[{"embeddable":true,"href":"https:\/\/transmendesturismo.com.br\/onibus-turismo-brasilia\/wp-json\/wp\/v2\/comments?post=617"}],"version-history":[{"count":1,"href":"https:\/\/transmendesturismo.com.br\/onibus-turismo-brasilia\/wp-json\/wp\/v2\/pages\/617\/revisions"}],"predecessor-version":[{"id":618,"href":"https:\/\/transmendesturismo.com.br\/onibus-turismo-brasilia\/wp-json\/wp\/v2\/pages\/617\/revisions\/618"}],"wp:attachment":[{"href":"https:\/\/transmendesturismo.com.br\/onibus-turismo-brasilia\/wp-json\/wp\/v2\/media?parent=617"}],"curies":[{"name":"wp","href":"https:\/\/api.w.org\/{rel}","templated":true}]}}