{"id":704,"date":"2023-04-17T02:23:06","date_gmt":"2023-04-17T02:23:06","guid":{"rendered":"https:\/\/transmendesturismo.com.br\/?page_id=704"},"modified":"2023-04-17T02:23:06","modified_gmt":"2023-04-17T02:23:06","slug":"aluguel-de-onibus-em-planaltina-em-brasilia-df","status":"publish","type":"page","link":"https:\/\/transmendesturismo.com.br\/onibus-turismo-brasilia\/aluguel-de-onibus-em-planaltina-em-brasilia-df\/","title":{"rendered":"Aluguel de \u00d4nibus de Turismo em Planaltina em Bras\u00edlia DF"},"content":{"rendered":"<h1><a href=\"https:\/\/transmendesturismo.com.br\/onibus-turismo-brasilia\/aluguel-de-onibus-em-brasilia\/\"><strong>Aluguel de \u00f4nibus em Planaltina em Bras\u00edlia DF<\/strong><\/a><\/h1>\n<p><a href=\"https:\/\/transmendesturismo.com.br\/onibus-turismo-brasilia\/aluguel-de-onibus-em-brasilia\/\"><strong>Aluguel de \u00f4nibus em Planaltina em Bras\u00edlia DF<\/strong><\/a> \u00e9 uma op\u00e7\u00e3o cada vez mais popular para quem precisa de transporte coletivo com conforto, seguran\u00e7a e comodidade. A capital federal \u00e9 uma cidade com uma grande quantidade de eventos, feiras, congressos, al\u00e9m de atrativos tur\u00edsticos que atraem visitantes de todas as partes do pa\u00eds e do mundo. Para atender a essa demanda, diversas empresas de <strong>Aluguel de \u00f4nibus em Planaltina em Bras\u00edlia DF<\/strong> oferecem servi\u00e7os de fretamento de \u00f4nibus para diversas finalidades.<\/p>\n<p>Seja para viagens de turismo, eventos corporativos, transporte escolar, ou mesmo para deslocamentos em grupo para compromissos rotineiros, o <a href=\"https:\/\/transmendesturismo.com.br\/onibus-turismo-brasilia\/aluguel-de-onibus-em-brasilia\/\"><strong>Aluguel de \u00f4nibus em Planaltina em Bras\u00edlia DF<\/strong><\/a> pode ser a solu\u00e7\u00e3o ideal. Algumas empresas oferecem op\u00e7\u00f5es de \u00f4nibus executivos, com poltronas reclin\u00e1veis, ar-condicionado, banheiro, frigobar e at\u00e9 mesmo Wi-Fi, proporcionando um n\u00edvel de conforto que muitas vezes \u00e9 superior ao transporte a\u00e9reo ou terrestre convencional.<\/p>\n<p>Para quem precisa de um servi\u00e7o de transporte coletivo mais simples, h\u00e1 op\u00e7\u00f5es de \u00f4nibus escolares ou micro-\u00f4nibus que podem ser utilizados para levar grupos de estudantes para escola, fazer viagens curtas em grupo, ou mesmo para transportar equipes de funcion\u00e1rios de empresas que precisam se deslocar juntas para compromissos de trabalho.<\/p>\n<p>As empresas de <a href=\"https:\/\/transmendesturismo.com.br\/onibus-turismo-brasilia\/aluguel-de-onibus-em-brasilia\/\"><strong>Aluguel de \u00f4nibus em Planaltina em Bras\u00edlia DF<\/strong><\/a> oferecem diferentes tipos de frota, que variam desde \u00f4nibus de m\u00e9dio a grande porte, com capacidade para transportar at\u00e9 50 passageiros, at\u00e9 micro-\u00f4nibus com capacidade para at\u00e9 20 passageiros. O valor do Aluguel de \u00f4nibus em Planaltina em Bras\u00edlia DF pode variar de acordo com a dist\u00e2ncia percorrida, a quantidade de passageiros e o tipo de \u00f4nibus escolhido.<\/p>\n<p>Algumas das palavras-chave relevantes para <a href=\"https:\/\/transmendesturismo.com.br\/onibus-turismo-brasilia\/aluguel-de-onibus-em-brasilia\/\"><strong>Aluguel de \u00f4nibus em Planaltina em Bras\u00edlia DF<\/strong><\/a> que poderiam ser usadas neste texto incluem:<\/p>\n<ul>\n<li><a href=\"https:\/\/www.google.com.br\/\" target=\"_blank\" rel=\"noopener\">Aluguel de \u00f4nibus em Planaltina em Bras\u00edlia DF<\/a><\/li>\n<li>\u00f4nibus para turismo em Bras\u00edlia<\/li>\n<li>fretamento de \u00f4nibus em Bras\u00edlia<\/li>\n<li>\u00f4nibus executivo em Bras\u00edlia<\/li>\n<li>transporte escolar em Bras\u00edlia<\/li>\n<li>micro-\u00f4nibus em Bras\u00edlia<\/li>\n<li>aluguel de \u00f4nibus para eventos em Bras\u00edlia<\/li>\n<li>loca\u00e7\u00e3o de \u00f4nibus em Bras\u00edlia<\/li>\n<li>empresas de \u00f4nibus em Bras\u00edlia<\/li>\n<\/ul>\n<h2><a href=\"https:\/\/transmendesturismo.com.br\/onibus-turismo-brasilia\/aluguel-de-onibus-em-brasilia\/\"><strong>Aluguel de \u00f4nibus em Planaltina em Bras\u00edlia DF<\/strong><\/a><\/h2>\n<figure id=\"attachment_80\" aria-describedby=\"caption-attachment-80\" style=\"width: 1600px\" class=\"wp-caption alignnone\"><img loading=\"lazy\" decoding=\"async\" class=\"wp-image-80 size-full\" src=\"https:\/\/transmendesturismo.com.br\/onibus-turismo-brasilia\/wp-content\/uploads\/2023\/03\/WhatsApp-Image-2023-03-19-at-17.34.37-1.jpeg\" alt=\"Aluguel de \u00f4nibus em Planaltina em Bras\u00edlia DF\" width=\"1600\" height=\"720\" srcset=\"https:\/\/transmendesturismo.com.br\/onibus-turismo-brasilia\/wp-content\/uploads\/2023\/03\/WhatsApp-Image-2023-03-19-at-17.34.37-1.jpeg 1600w, https:\/\/transmendesturismo.com.br\/onibus-turismo-brasilia\/wp-content\/uploads\/2023\/03\/WhatsApp-Image-2023-03-19-at-17.34.37-1-300x135.jpeg 300w, https:\/\/transmendesturismo.com.br\/onibus-turismo-brasilia\/wp-content\/uploads\/2023\/03\/WhatsApp-Image-2023-03-19-at-17.34.37-1-1024x461.jpeg 1024w, https:\/\/transmendesturismo.com.br\/onibus-turismo-brasilia\/wp-content\/uploads\/2023\/03\/WhatsApp-Image-2023-03-19-at-17.34.37-1-768x346.jpeg 768w, https:\/\/transmendesturismo.com.br\/onibus-turismo-brasilia\/wp-content\/uploads\/2023\/03\/WhatsApp-Image-2023-03-19-at-17.34.37-1-1536x691.jpeg 1536w\" sizes=\"auto, (max-width: 1600px) 100vw, 1600px\" \/><figcaption id=\"caption-attachment-80\" class=\"wp-caption-text\">Aluguel de \u00f4nibus em Planaltina em Bras\u00edlia DF<\/figcaption><\/figure>\n<h3><a href=\"https:\/\/transmendesturismo.com.br\/onibus-turismo-brasilia\/aluguel-de-onibus-em-brasilia\/\"><strong>Aluguel de \u00f4nibus em Planaltina em Bras\u00edlia DF<\/strong><\/a><\/h3>\n<table style=\"height: 608px;\" width=\"959\">\n<tbody>\n<tr>\n<td width=\"407\"><a href=\"https:\/\/transmendesturismo.com.br\/onibus-turismo-brasilia\/locacao-de-onibus-para-turismo-em-regiao-administrativa-em-brasilia-df\/\">Loca\u00e7\u00e3o de \u00f4nibus em Planaltina em Bras\u00edlia DF<\/a><\/td>\n<td width=\"410\"><a href=\"https:\/\/transmendesturismo.com.br\/onibus-turismo-brasilia\/locacao-de-onibus-de-turismo-em-paranoa-em-brasilia-df\/\">Loca\u00e7\u00e3o de \u00f4nibus em Parano\u00e1 em Bras\u00edlia DF<\/a><\/td>\n<\/tr>\n<tr>\n<td><a href=\"https:\/\/transmendesturismo.com.br\/onibus-turismo-brasilia\/locacao-de-onibus-para-turismo-em-ceilandia-em-brasilia-df\/\">Loca\u00e7\u00e3o de \u00f4nibus em Planaltina em Bras\u00edlia DF<\/a><\/td>\n<td><a href=\"https:\/\/transmendesturismo.com.br\/onibus-turismo-brasilia\/locacao-de-onibus-de-turismo-em-itapoa-em-brasilia-df\/\">Loca\u00e7\u00e3o de \u00f4nibus em Itapo\u00e3 em Bras\u00edlia DF<\/a><\/td>\n<\/tr>\n<tr>\n<td><a href=\"https:\/\/transmendesturismo.com.br\/onibus-turismo-brasilia\/locacao-de-onibus-de-turismo-em-samambaia-em-brasilia-df\/\">Loca\u00e7\u00e3o de \u00f4nibus em Planaltina em Bras\u00edlia DF<\/a><\/td>\n<td><a href=\"https:\/\/transmendesturismo.com.br\/onibus-turismo-brasilia\/locacao-de-onibus-de-turismo-em-sudoeste-octogonal-em-brasilia-df\/\">Loca\u00e7\u00e3o de \u00f4nibus no Sudoeste\/Octogonal em Bras\u00edlia DF<\/a><\/td>\n<\/tr>\n<tr>\n<td><a href=\"https:\/\/transmendesturismo.com.br\/onibus-turismo-brasilia\/fretamento-de-onibus-em-plano-piloto-em-plano-df\/\">Loca\u00e7\u00e3o de \u00f4nibus em Planaltina em Bras\u00edlia DF<\/a><\/td>\n<td><a href=\"https:\/\/transmendesturismo.com.br\/onibus-turismo-brasilia\/locacao-de-onibus-de-turismo-em-brazlandia-em-brasilia-df\/\">Loca\u00e7\u00e3o de \u00f4nibus em Brazl\u00e2ndia em Bras\u00edlia DF<\/a><\/td>\n<\/tr>\n<tr>\n<td><a href=\"https:\/\/transmendesturismo.com.br\/onibus-turismo-brasilia\/locacao-de-onibus-de-turismo-em-taguatinga-em-brasilia-df\/\">Loca\u00e7\u00e3o de \u00f4nibus em Planaltina em Bras\u00edlia DF<\/a><\/td>\n<td><a href=\"https:\/\/transmendesturismo.com.br\/onibus-turismo-brasilia\/locacao-de-onibus-de-turismo-em-jardim-botanico-em-brasilia-df\/\">Loca\u00e7\u00e3o de \u00f4nibus no Jardim Bot\u00e2nico em Bras\u00edlia DF<\/a><\/td>\n<\/tr>\n<tr>\n<td><a href=\"https:\/\/transmendesturismo.com.br\/onibus-turismo-brasilia\/locacao-de-onibus-de-turismo-em-planaltina-em-brasilia-df\/\">Loca\u00e7\u00e3o de \u00f4nibus em Planaltina em Bras\u00edlia DF<\/a><\/td>\n<td><a href=\"https:\/\/transmendesturismo.com.br\/onibus-turismo-brasilia\/locacao-de-onibus-de-turismo-em-riacho-fundo-em-brasilia-df\/\">Loca\u00e7\u00e3o de \u00f4nibus no Riacho Fundo em Bras\u00edlia DF<\/a><\/td>\n<\/tr>\n<tr>\n<td><a href=\"https:\/\/transmendesturismo.com.br\/onibus-turismo-brasilia\/locacao-de-onibus-de-turismo-em-guara-em-brasilia-df\/\">Loca\u00e7\u00e3o de \u00f4nibus em Guar\u00e1 em Bras\u00edlia DF<\/a><\/td>\n<td><a href=\"https:\/\/transmendesturismo.com.br\/onibus-turismo-brasilia\/locacao-de-onibus-de-turismo-em-arniqueira-em-brasilia-df\/\">Loca\u00e7\u00e3o de \u00f4nibus em Arniqueira em Bras\u00edlia DF<\/a><\/td>\n<\/tr>\n<tr>\n<td><a href=\"https:\/\/transmendesturismo.com.br\/onibus-turismo-brasilia\/locacao-de-onibus-executivo-em-gama-em-brasilia-df\/\">Loca\u00e7\u00e3o de \u00f4nibus em Gama em Bras\u00edlia DF<\/a><\/td>\n<td><a href=\"https:\/\/transmendesturismo.com.br\/onibus-turismo-brasilia\/locacao-de-onibus-de-turismo-em-lago-norte-em-brasilia-df\/\">Loca\u00e7\u00e3o de \u00f4nibus no Lago Norte em Bras\u00edlia DF<\/a><\/td>\n<\/tr>\n<tr>\n<td><a href=\"https:\/\/transmendesturismo.com.br\/onibus-turismo-brasilia\/locacao-de-onibus-de-turismo-em-recanto-das-emas-em-brasilia-df\/\">Loca\u00e7\u00e3o de \u00f4nibus no Recanto das Emas em Bras\u00edlia DF<\/a><\/td>\n<td><a href=\"https:\/\/transmendesturismo.com.br\/onibus-turismo-brasilia\/locacao-de-onibus-de-turismo-em-scia-em-brasilia-df\/\">Loca\u00e7\u00e3o de \u00f4nibus em SCIA em Bras\u00edlia DF<\/a><\/td>\n<\/tr>\n<tr>\n<td><a href=\"https:\/\/transmendesturismo.com.br\/onibus-turismo-brasilia\/locacao-de-onibus-de-turismo-em-santa-maria-em-brasilia-df\/\">Loca\u00e7\u00e3o de \u00f4nibus em Santa Maria em Bras\u00edlia DF<\/a><\/td>\n<td><a href=\"https:\/\/transmendesturismo.com.br\/onibus-turismo-brasilia\/locacao-de-onibus-de-turismo-em-cruzeiro-em-brasilia-df\/\">Loca\u00e7\u00e3o de \u00f4nibus no Cruzeiro em Bras\u00edlia DF<\/a><\/td>\n<\/tr>\n<tr>\n<td><a href=\"https:\/\/transmendesturismo.com.br\/onibus-turismo-brasilia\/locacao-de-onibus-de-turismo-em-aguas-claras-em-brasilia-df\/\">Loca\u00e7\u00e3o de \u00f4nibus em \u00c1guas Claras em Bras\u00edlia DF<\/a><\/td>\n<td><a href=\"https:\/\/transmendesturismo.com.br\/onibus-turismo-brasilia\/locacao-de-onibus-de-turismo-em-lago-sul-em-brasilia-df\/\">Loca\u00e7\u00e3o de \u00f4nibus no Lago Sul em Bras\u00edlia DF<\/a><\/td>\n<\/tr>\n<tr>\n<td><a href=\"https:\/\/transmendesturismo.com.br\/onibus-turismo-brasilia\/locacao-de-onibus-de-turismo-em-sao-sebastiao-em-brasilia-df\/\">Loca\u00e7\u00e3o de \u00f4nibus em S\u00e3o Sebasti\u00e3o em Bras\u00edlia DF<\/a><\/td>\n<td><a href=\"https:\/\/transmendesturismo.com.br\/onibus-turismo-brasilia\/locacao-de-onibus-de-turismo-em-nucleo-bandeirante-em-brasilia-df\/\">Loca\u00e7\u00e3o de \u00f4nibus no N\u00facleo Bandeirante em Bras\u00edlia DF<\/a><\/td>\n<\/tr>\n<tr>\n<td><a href=\"https:\/\/transmendesturismo.com.br\/onibus-turismo-brasilia\/locacao-de-onibus-de-turismo-em-riacho-fundo-em-brasilia-df\/\">Loca\u00e7\u00e3o de \u00f4nibus em Riacho Fundo II em Bras\u00edlia DF<\/a><\/td>\n<td><a href=\"https:\/\/transmendesturismo.com.br\/onibus-turismo-brasilia\/locacao-de-onibus-de-turismo-em-park-way-em-brasilia-df\/\">Loca\u00e7\u00e3o de \u00f4nibus em Park Way em Bras\u00edlia DF<\/a><\/td>\n<\/tr>\n<tr>\n<td><a href=\"https:\/\/transmendesturismo.com.br\/onibus-turismo-brasilia\/locacao-de-onibus-de-turismo-em-sol-nascente-por-do-sol-em-brasilia-df\/\">Loca\u00e7\u00e3o de \u00f4nibus em Sol Nascente\/P\u00f4r do Sol em Bras\u00edlia DF<\/a><\/td>\n<td><a href=\"https:\/\/transmendesturismo.com.br\/onibus-turismo-brasilia\/locacao-de-onibus-de-turismo-em-candangolandia-em-brasilia-df\/\">Loca\u00e7\u00e3o de \u00f4nibus em Candangol\u00e2ndia em Bras\u00edlia DF<\/a><\/td>\n<\/tr>\n<tr>\n<td><a href=\"https:\/\/transmendesturismo.com.br\/onibus-turismo-brasilia\/locacao-de-onibus-de-turismo-em-sobradinho-em-brasilia-df\/\">Loca\u00e7\u00e3o de \u00f4nibus em Sobradinho II em Bras\u00edlia DF<\/a><\/td>\n<td><a href=\"https:\/\/transmendesturismo.com.br\/onibus-turismo-brasilia\/locacao-de-onibus-de-turismo-em-varjao-em-brasilia-df\/\">Loca\u00e7\u00e3o de \u00f4nibus em Varj\u00e3o em Bras\u00edlia DF<\/a><\/td>\n<\/tr>\n<tr>\n<td><a href=\"https:\/\/transmendesturismo.com.br\/onibus-turismo-brasilia\/locacao-de-onibus-de-turismo-em-sobradinho-em-brasilia-df\/\">Loca\u00e7\u00e3o de \u00f4nibus em Sobradinho em Bras\u00edlia DF<\/a><\/td>\n<td><a href=\"https:\/\/transmendesturismo.com.br\/onibus-turismo-brasilia\/locacao-de-onibus-de-turismo-em-fercal-em-brasilia-df\/\">Loca\u00e7\u00e3o de \u00f4nibus em Fercal em Bras\u00edlia DF<\/a><\/td>\n<\/tr>\n<tr>\n<td><a href=\"https:\/\/transmendesturismo.com.br\/onibus-turismo-brasilia\/locacao-de-onibus-de-turismo-em-vicente-pires-em-brasilia-df\/\">Loca\u00e7\u00e3o de \u00f4nibus em Vicente Pires em Bras\u00edlia DF<\/a><\/td>\n<td><a href=\"https:\/\/transmendesturismo.com.br\/onibus-turismo-brasilia\/locacao-de-onibus-de-turismo-em-sia-em-brasilia-df\/\">Loca\u00e7\u00e3o de \u00f4nibus em SIA em Bras\u00edlia DF<\/a><\/td>\n<\/tr>\n<\/tbody>\n<\/table>\n","protected":false},"excerpt":{"rendered":"<p>Aluguel de \u00f4nibus em Planaltina em Bras\u00edlia DF Aluguel de \u00f4nibus em Planaltina em Bras\u00edlia DF \u00e9 uma op\u00e7\u00e3o cada vez mais popular para quem precisa de transporte coletivo com conforto, seguran\u00e7a e comodidade. A capital federal \u00e9 uma cidade com uma grande quantidade de eventos, feiras, congressos, al\u00e9m de atrativos tur\u00edsticos que atraem visitantes [&hellip;]<\/p>\n","protected":false},"author":1,"featured_media":0,"parent":0,"menu_order":0,"comment_status":"closed","ping_status":"closed","template":"","meta":{"footnotes":""},"class_list":["post-704","page","type-page","status-publish","hentry"],"_links":{"self":[{"href":"https:\/\/transmendesturismo.com.br\/onibus-turismo-brasilia\/wp-json\/wp\/v2\/pages\/704","targetHints":{"allow":["GET"]}}],"collection":[{"href":"https:\/\/transmendesturismo.com.br\/onibus-turismo-brasilia\/wp-json\/wp\/v2\/pages"}],"about":[{"href":"https:\/\/transmendesturismo.com.br\/onibus-turismo-brasilia\/wp-json\/wp\/v2\/types\/page"}],"author":[{"embeddable":true,"href":"https:\/\/transmendesturismo.com.br\/onibus-turismo-brasilia\/wp-json\/wp\/v2\/users\/1"}],"replies":[{"embeddable":true,"href":"https:\/\/transmendesturismo.com.br\/onibus-turismo-brasilia\/wp-json\/wp\/v2\/comments?post=704"}],"version-history":[{"count":2,"href":"https:\/\/transmendesturismo.com.br\/onibus-turismo-brasilia\/wp-json\/wp\/v2\/pages\/704\/revisions"}],"predecessor-version":[{"id":1088,"href":"https:\/\/transmendesturismo.com.br\/onibus-turismo-brasilia\/wp-json\/wp\/v2\/pages\/704\/revisions\/1088"}],"wp:attachment":[{"href":"https:\/\/transmendesturismo.com.br\/onibus-turismo-brasilia\/wp-json\/wp\/v2\/media?parent=704"}],"curies":[{"name":"wp","href":"https:\/\/api.w.org\/{rel}","templated":true}]}}